{"id":2267,"date":"2020-09-28T11:48:09","date_gmt":"2020-09-28T11:48:09","guid":{"rendered":"http:\/\/www.2ba.nl\/?page_id=2267"},"modified":"2024-04-26T10:25:23","modified_gmt":"2024-04-26T10:25:23","slug":"roadmap-manufacturer","status":"publish","type":"page","link":"https:\/\/2ba.wimwillems.nl\/en\/about-2ba\/what-does-2ba-offer\/for-the-manufacturers\/roadmap-manufacturer\/","title":{"rendered":"Roadmap"},"content":{"rendered":"\n<h1 class=\"wp-block-heading\">Stappenplan fabrikant, agent of importeur<\/h1>\n<h3>De eerste stappen op weg naar optimale datadistributie via 2BA!<\/h3>\n<h4>Gemeenschappelijke visie<\/h4>\n<p>2BA wil graag zo goed mogelijk blijven voldoen aan de steeds zwaarder wordende eisen van haar data-afnemers, oftewel: van \u00faw klanten. Dit kan echter alleen wanneer\u00a0 fabrikanten of hun importeurs of agenten hun data volgens een gemeenschappelijke visie bij 2BA aanleveren. Met dit stappenplan als leidraad voor de levering van productgegevens komt 2BA hieraan voor alle fabrikanten tegemoet.<\/p>\n<h5>Te volgen stappen<\/h5>\n<p>Uiteraard wordt u door 2BA begeleid bij het nemen van onderstaande stappen voor het aanbieden van product- en handelsinformatie aan de 2BA datapool. Hiervoor worden de volgende stappen samen met u genomen:<\/p>\n<ul>\n<li><a href=\"\/over-2ba\/wat-biedt-2ba\/voor-de-fabrikant\/stappenplan-fabrikant\/stap-1-communicatiestandaard\">Stap 1: Communicatiestandaard<\/a><\/li>\n<li><a href=\"\/over-2ba\/wat-biedt-2ba\/voor-de-fabrikant\/stappenplan-fabrikant\/stap-2-handelsinformatie-fabrikant\">Stap 2: Handelsinformatie<\/a><\/li>\n<li><a href=\"\/over-2ba\/wat-biedt-2ba\/voor-de-fabrikant\/stappenplan-fabrikant\/stap-3-productinformatie\">Stap 3: Productinformatie<\/a><\/li>\n<li><a href=\"\/over-2ba\/wat-biedt-2ba\/voor-de-fabrikant\/stappenplan-fabrikant\/stap-4-etim-productklassen\">Stap 4: ETIM productklassen<\/a><\/li>\n<li><a href=\"\/over-2ba\/wat-biedt-2ba\/voor-de-fabrikant\/stappenplan-fabrikant\/stap-5-etim-kenmerkwaarden\">Stap 5: ETIM kenmerkwaarden<\/a><\/li>\n<li><a href=\"\/over-2ba\/wat-biedt-2ba\/voor-de-fabrikant\/stappenplan-fabrikant\/stap-6-etim-mc-kenmerkwaarden\">Stap 6: ETIM MC kenmerkwaarden<\/a><\/li>\n<\/ul>\n<h4>Optimale product- \u00e9n handelsinformatie: Sleutel tot succes<\/h4>\n<p>Als leverancier is het belangrijk dat bij publicatie van uw assortiment op 2BA ook de productinformatie steeds volledig, actueel en correct is. Het is natuurlijk primair de verantwoordelijkheid en de taak van de fabrikant zelf, om haar product- en handelsinformatie beschikbaar te stellen via 2BA en zo de artikelen actueel en optimaal vindbaar te maken voor afnemers. Het is daarom belangrijk dat nog niet aan 2BA deelnemende fabrikanten gemotiveerd zijn om ook h\u00fan steentje aan een optimale productinformatie op 2BA bij te dragen.<\/p>\n<p>Maar wie vult en onderhoudt deze productdata als de fabrikant hiertoe zelf niet in de gelegenheid is? Of hiervoor geen capaciteit voor kan of wil vrijmaken? In dergelijke gevallen biedt 2BA de mogelijkheid om de rechten voor het publiceren \u00e9n actueel houden van productdata toe te wijzen aan \u00e9\u00e9n hiertoe door de fabrikant z\u00e9lf aan te wijzen organisatie. Dit kan bijvoorbeeld de importeur, een handelsagent, een distributeur of een hiertoe aangewezen groothandel zijn.<\/p>\n<h5>Akkoordverklaring van fabrikant<\/h5>\n<p>Om discussie met andere partijen voor te zijn verdient het de aanbeveling om een offici\u00eble, door de fabrikant getekende akkoordverklaring bij 2BA aan te leveren. Klik hier voor de <a title=\"nederlandstalige concept verklaring\" href=\"http:\/\/2ba.wimwillems.nl\/wp-content\/uploads\/2020\/09\/BriefProductrechtenOp2BA.pdf\" target=\"_self\" rel=\"noopener\">Nederlandstalige<\/a> of <a title=\"engelstalige\" href=\"http:\/\/2ba.wimwillems.nl\/wp-content\/uploads\/2020\/09\/DeclarationOfAgreementProductright2BA.pdf\" target=\"_self\" rel=\"noopener\">Engelstalige<\/a> concept verklaring.<\/p>\n<h5>Verantwoordelijkheid<\/h5>\n<p>De productdata-verantwoordelijkheid ligt primair altijd bij de fabrikant zelf. Bij \u201cdata-via-derden\u201d wordt de productdata onderhoudende partij weergegeven op de presentatiepagina van de fabrikant. Daarnaast kan de productdata onderhoudende partij, indien gewenst, worden genoemd in de GLN naam van de fabrikant.<\/p>\n<h5>Spelregels<\/h5>\n<p>Wanneer uw organisatie de mogelijkheid heeft tot het publiceren en onderhouden van productdata dan zijn er een aantal belangrijke spelregels:<\/p>\n<ol>\n<li>De productdata dient actueel te worden gehouden volgens de met 2BA overeengestemde aanleverfrequentie.<\/li>\n<li>Er dient, ten gunste van de productdata onderhoudende partij zelf, gewerkt te worden aan de datakwaliteit in referentie tot het 2BA Data Label.<\/li>\n<li>De product deeplinks moeten verwijzen naar de fabrikant tenzij er sprake is van alleenrecht.<\/li>\n<li>De bijlagen mogen geen verwijzing bevatten naar de product dataonderhoudende partij tenzij er sprake is van alleenrecht.<\/li>\n<li>Eventueel door afnemers ingezonden feedbacktickets dienen correct en adequaat te worden opgevolgd en\/of doorgespeeld te worden naar de fabrikant.<\/li>\n<li>Het uitgegeven productrecht is altijd tijdelijk\/voorwaardelijk. Het productrecht vervalt per onmiddellijke ingang:\n<ul type=\"disc\">\n<li>wanneer de fabrikant zelf besluit data te publiceren;<\/li>\n<li>wanneer de fabrikant een andere partij officieel als productrechthebbende aanwijst.<\/li>\n<\/ul>\n<\/li>\n<\/ol>\n<p>\u00a0<\/p>\n<div class=\"action\" style=\"text-align: right;\"><a class=\"btn btn-primary\" href=\"\/over-2ba\/wat-biedt-2ba\/voor-de-fabrikant\/stappenplan-fabrikant\/stap-1-communicatiestandaard\">Naar stap 1: Communicatiestandaard<\/a><\/div>\n","protected":false},"excerpt":{"rendered":"<p>Stappenplan fabrikant, agent of importeur De eerste stappen op weg naar optimale datadistributie via 2BA! Gemeenschappelijke visie 2BA wil graag zo goed mogelijk blijven voldoen aan de steeds zwaarder wordende eisen van haar data-afnemers, oftewel: van \u00faw klanten. Dit kan echter alleen wanneer\u00a0 fabrikanten of hun importeurs of agenten hun data volgens een gemeenschappelijke visie [&hellip;]<\/p>\n","protected":false},"author":11,"featured_media":0,"parent":2247,"menu_order":48,"comment_status":"open","ping_status":"closed","template":"","meta":{"_acf_changed":false,"_uag_custom_page_level_css":"","footnotes":""},"class_list":["post-2267","page","type-page","status-publish","hentry"],"acf":[],"yoast_head":"<!-- This site is optimized with the Yoast SEO plugin v27.2 - https:\/\/yoast.com\/product\/yoast-seo-wordpress\/ -->\n<title>Roadmap - 2ba<\/title>\n<meta name=\"robots\" content=\"index, follow, max-snippet:-1, max-image-preview:large, max-video-preview:-1\" \/>\n<link rel=\"canonical\" href=\"https:\/\/2ba.wimwillems.nl\/en\/about-2ba\/what-does-2ba-offer\/for-the-manufacturers\/roadmap-manufacturer\/\" \/>\n<meta property=\"og:locale\" content=\"en_US\" \/>\n<meta property=\"og:type\" content=\"article\" \/>\n<meta property=\"og:title\" content=\"Roadmap - 2ba\" \/>\n<meta property=\"og:description\" content=\"Stappenplan fabrikant, agent of importeur De eerste stappen op weg naar optimale datadistributie via 2BA! Gemeenschappelijke visie 2BA wil graag zo goed mogelijk blijven voldoen aan de steeds zwaarder wordende eisen van haar data-afnemers, oftewel: van \u00faw klanten. Dit kan echter alleen wanneer\u00a0 fabrikanten of hun importeurs of agenten hun data volgens een gemeenschappelijke visie [&hellip;]\" \/>\n<meta property=\"og:url\" content=\"https:\/\/2ba.wimwillems.nl\/en\/about-2ba\/what-does-2ba-offer\/for-the-manufacturers\/roadmap-manufacturer\/\" \/>\n<meta property=\"og:site_name\" content=\"2ba\" \/>\n<meta property=\"article:modified_time\" content=\"2024-04-26T10:25:23+00:00\" \/>\n<meta property=\"og:image\" content=\"https:\/\/2ba.wimwillems.nl\/wp-content\/uploads\/2023\/06\/2BA_logo_RGB.png\" \/>\n\t<meta property=\"og:image:width\" content=\"211\" \/>\n\t<meta property=\"og:image:height\" content=\"95\" \/>\n\t<meta property=\"og:image:type\" content=\"image\/png\" \/>\n<meta name=\"twitter:card\" content=\"summary_large_image\" \/>\n<meta name=\"twitter:label1\" content=\"Est. reading time\" \/>\n\t<meta name=\"twitter:data1\" content=\"3 minutes\" \/>\n<script type=\"application\/ld+json\" class=\"yoast-schema-graph\">{\"@context\":\"https:\/\/schema.org\",\"@graph\":[{\"@type\":\"WebPage\",\"@id\":\"https:\/\/2ba.wimwillems.nl\/en\/about-2ba\/what-does-2ba-offer\/for-the-manufacturers\/roadmap-manufacturer\/\",\"url\":\"https:\/\/2ba.wimwillems.nl\/en\/about-2ba\/what-does-2ba-offer\/for-the-manufacturers\/roadmap-manufacturer\/\",\"name\":\"Roadmap - 2ba\",\"isPartOf\":{\"@id\":\"https:\/\/2ba.wimwillems.nl\/#website\"},\"datePublished\":\"2020-09-28T11:48:09+00:00\",\"dateModified\":\"2024-04-26T10:25:23+00:00\",\"breadcrumb\":{\"@id\":\"https:\/\/2ba.wimwillems.nl\/en\/about-2ba\/what-does-2ba-offer\/for-the-manufacturers\/roadmap-manufacturer\/#breadcrumb\"},\"inLanguage\":\"en-US\",\"potentialAction\":[{\"@type\":\"ReadAction\",\"target\":[\"https:\/\/2ba.wimwillems.nl\/en\/about-2ba\/what-does-2ba-offer\/for-the-manufacturers\/roadmap-manufacturer\/\"]}]},{\"@type\":\"BreadcrumbList\",\"@id\":\"https:\/\/2ba.wimwillems.nl\/en\/about-2ba\/what-does-2ba-offer\/for-the-manufacturers\/roadmap-manufacturer\/#breadcrumb\",\"itemListElement\":[{\"@type\":\"ListItem\",\"position\":1,\"name\":\"Home\",\"item\":\"https:\/\/2ba.wimwillems.nl\/en\/\"},{\"@type\":\"ListItem\",\"position\":2,\"name\":\"ABOUT 2BA\",\"item\":\"https:\/\/2ba.wimwillems.nl\/en\/about-2ba\/\"},{\"@type\":\"ListItem\",\"position\":3,\"name\":\"What does 2BA offer?\",\"item\":\"https:\/\/2ba.wimwillems.nl\/en\/about-2ba\/what-does-2ba-offer\/\"},{\"@type\":\"ListItem\",\"position\":4,\"name\":\"For the manufacturer\",\"item\":\"https:\/\/2ba.wimwillems.nl\/en\/about-2ba\/what-does-2ba-offer\/for-the-manufacturers\/\"},{\"@type\":\"ListItem\",\"position\":5,\"name\":\"Roadmap\"}]},{\"@type\":\"WebSite\",\"@id\":\"https:\/\/2ba.wimwillems.nl\/#website\",\"url\":\"https:\/\/2ba.wimwillems.nl\/\",\"name\":\"2ba\",\"description\":\"\",\"potentialAction\":[{\"@type\":\"SearchAction\",\"target\":{\"@type\":\"EntryPoint\",\"urlTemplate\":\"https:\/\/2ba.wimwillems.nl\/?s={search_term_string}\"},\"query-input\":{\"@type\":\"PropertyValueSpecification\",\"valueRequired\":true,\"valueName\":\"search_term_string\"}}],\"inLanguage\":\"en-US\"}]}<\/script>\n<!-- \/ Yoast SEO plugin. -->","yoast_head_json":{"title":"Roadmap - 2ba","robots":{"index":"index","follow":"follow","max-snippet":"max-snippet:-1","max-image-preview":"max-image-preview:large","max-video-preview":"max-video-preview:-1"},"canonical":"https:\/\/2ba.wimwillems.nl\/en\/about-2ba\/what-does-2ba-offer\/for-the-manufacturers\/roadmap-manufacturer\/","og_locale":"en_US","og_type":"article","og_title":"Roadmap - 2ba","og_description":"Stappenplan fabrikant, agent of importeur De eerste stappen op weg naar optimale datadistributie via 2BA! Gemeenschappelijke visie 2BA wil graag zo goed mogelijk blijven voldoen aan de steeds zwaarder wordende eisen van haar data-afnemers, oftewel: van \u00faw klanten. Dit kan echter alleen wanneer\u00a0 fabrikanten of hun importeurs of agenten hun data volgens een gemeenschappelijke visie [&hellip;]","og_url":"https:\/\/2ba.wimwillems.nl\/en\/about-2ba\/what-does-2ba-offer\/for-the-manufacturers\/roadmap-manufacturer\/","og_site_name":"2ba","article_modified_time":"2024-04-26T10:25:23+00:00","og_image":[{"width":211,"height":95,"url":"https:\/\/2ba.wimwillems.nl\/wp-content\/uploads\/2023\/06\/2BA_logo_RGB.png","type":"image\/png"}],"twitter_card":"summary_large_image","twitter_misc":{"Est. reading time":"3 minutes"},"schema":{"@context":"https:\/\/schema.org","@graph":[{"@type":"WebPage","@id":"https:\/\/2ba.wimwillems.nl\/en\/about-2ba\/what-does-2ba-offer\/for-the-manufacturers\/roadmap-manufacturer\/","url":"https:\/\/2ba.wimwillems.nl\/en\/about-2ba\/what-does-2ba-offer\/for-the-manufacturers\/roadmap-manufacturer\/","name":"Roadmap - 2ba","isPartOf":{"@id":"https:\/\/2ba.wimwillems.nl\/#website"},"datePublished":"2020-09-28T11:48:09+00:00","dateModified":"2024-04-26T10:25:23+00:00","breadcrumb":{"@id":"https:\/\/2ba.wimwillems.nl\/en\/about-2ba\/what-does-2ba-offer\/for-the-manufacturers\/roadmap-manufacturer\/#breadcrumb"},"inLanguage":"en-US","potentialAction":[{"@type":"ReadAction","target":["https:\/\/2ba.wimwillems.nl\/en\/about-2ba\/what-does-2ba-offer\/for-the-manufacturers\/roadmap-manufacturer\/"]}]},{"@type":"BreadcrumbList","@id":"https:\/\/2ba.wimwillems.nl\/en\/about-2ba\/what-does-2ba-offer\/for-the-manufacturers\/roadmap-manufacturer\/#breadcrumb","itemListElement":[{"@type":"ListItem","position":1,"name":"Home","item":"https:\/\/2ba.wimwillems.nl\/en\/"},{"@type":"ListItem","position":2,"name":"ABOUT 2BA","item":"https:\/\/2ba.wimwillems.nl\/en\/about-2ba\/"},{"@type":"ListItem","position":3,"name":"What does 2BA offer?","item":"https:\/\/2ba.wimwillems.nl\/en\/about-2ba\/what-does-2ba-offer\/"},{"@type":"ListItem","position":4,"name":"For the manufacturer","item":"https:\/\/2ba.wimwillems.nl\/en\/about-2ba\/what-does-2ba-offer\/for-the-manufacturers\/"},{"@type":"ListItem","position":5,"name":"Roadmap"}]},{"@type":"WebSite","@id":"https:\/\/2ba.wimwillems.nl\/#website","url":"https:\/\/2ba.wimwillems.nl\/","name":"2ba","description":"","potentialAction":[{"@type":"SearchAction","target":{"@type":"EntryPoint","urlTemplate":"https:\/\/2ba.wimwillems.nl\/?s={search_term_string}"},"query-input":{"@type":"PropertyValueSpecification","valueRequired":true,"valueName":"search_term_string"}}],"inLanguage":"en-US"}]}},"uagb_featured_image_src":{"full":false,"thumbnail":false,"medium":false,"medium_large":false,"large":false,"1536x1536":false,"2048x2048":false,"gform-image-choice-sm":false,"gform-image-choice-md":false,"gform-image-choice-lg":false},"uagb_author_info":{"display_name":"2ba","author_link":"https:\/\/2ba.wimwillems.nl\/en\/author\/2ba\/"},"uagb_comment_info":0,"uagb_excerpt":"Stappenplan fabrikant, agent of importeur De eerste stappen op weg naar optimale datadistributie via 2BA! Gemeenschappelijke visie 2BA wil graag zo goed mogelijk blijven voldoen aan de steeds zwaarder wordende eisen van haar data-afnemers, oftewel: van \u00faw klanten. Dit kan echter alleen wanneer\u00a0 fabrikanten of hun importeurs of agenten hun data volgens een gemeenschappelijke visie&hellip;","_links":{"self":[{"href":"https:\/\/2ba.wimwillems.nl\/en\/wp-json\/wp\/v2\/pages\/2267","targetHints":{"allow":["GET"]}}],"collection":[{"href":"https:\/\/2ba.wimwillems.nl\/en\/wp-json\/wp\/v2\/pages"}],"about":[{"href":"https:\/\/2ba.wimwillems.nl\/en\/wp-json\/wp\/v2\/types\/page"}],"author":[{"embeddable":true,"href":"https:\/\/2ba.wimwillems.nl\/en\/wp-json\/wp\/v2\/users\/11"}],"replies":[{"embeddable":true,"href":"https:\/\/2ba.wimwillems.nl\/en\/wp-json\/wp\/v2\/comments?post=2267"}],"version-history":[{"count":4,"href":"https:\/\/2ba.wimwillems.nl\/en\/wp-json\/wp\/v2\/pages\/2267\/revisions"}],"predecessor-version":[{"id":5356,"href":"https:\/\/2ba.wimwillems.nl\/en\/wp-json\/wp\/v2\/pages\/2267\/revisions\/5356"}],"up":[{"embeddable":true,"href":"https:\/\/2ba.wimwillems.nl\/en\/wp-json\/wp\/v2\/pages\/2247"}],"wp:attachment":[{"href":"https:\/\/2ba.wimwillems.nl\/en\/wp-json\/wp\/v2\/media?parent=2267"}],"curies":[{"name":"wp","href":"https:\/\/api.w.org\/{rel}","templated":true}]}}